{"id":13492,"date":"2026-03-05T10:28:10","date_gmt":"2026-03-05T10:28:10","guid":{"rendered":"https:\/\/uniqueexperienceman.shop\/?post_type=product&#038;p=13492"},"modified":"2026-03-05T10:31:31","modified_gmt":"2026-03-05T10:31:31","slug":"vevor-gas-chainsaw-cordless-petrol-chain-saw-for-tree-cutting-trimming-land-clearing-durable-handheld-design-for-farm-garden-use","status":"publish","type":"product","link":"https:\/\/uniqueexperienceman.shop\/es\/producto\/vevor-gas-chainsaw-cordless-petrol-chain-saw-for-tree-cutting-trimming-land-clearing-durable-handheld-design-for-farm-garden-use\/","title":{"rendered":"Motosierra de gas VEVOR - Motosierra de gasolina sin cable para cortar \u00e1rboles, podar y desbrozar, dise\u00f1o duradero de mano para uso en granja y jard\u00edn"},"content":{"rendered":"<div data-elementor-type=\"product-post\" data-elementor-id=\"13492\" class=\"elementor elementor-13492\" data-elementor-post-type=\"product\">\n\t\t\t\t<div class=\"elementor-element elementor-element-2d059b21 e-flex e-con-boxed e-con e-parent\" data-id=\"2d059b21\" data-element_type=\"container\" data-e-type=\"container\" data-settings=\"{&quot;ekit_has_onepagescroll_dot&quot;:&quot;yes&quot;}\">\n\t\t\t\t\t<div class=\"e-con-inner\">\n\t\t\t\t<div class=\"elementor-element elementor-element-60444d2 elementor-widget elementor-widget-heading\" data-id=\"60444d2\" data-element_type=\"widget\" data-e-type=\"widget\" data-settings=\"{&quot;ekit_we_effect_on&quot;:&quot;none&quot;}\" data-widget_type=\"heading.default\">\n\t\t\t\t<div class=\"elementor-widget-container\">\n\t\t\t\t\t<h2 class=\"elementor-heading-title elementor-size-default\">Motosierra de Gas VEVOR - Corta con Potencia, Trabaja con Facilidad<\/h2>\t\t\t\t<\/div>\n\t\t\t\t<\/div>\n\t\t\t\t\t<\/div>\n\t\t\t\t<\/div>\n\t\t<div class=\"elementor-element elementor-element-66cfe4a5 e-flex e-con-boxed e-con e-parent\" data-id=\"66cfe4a5\" data-element_type=\"container\" data-e-type=\"container\" data-settings=\"{&quot;ekit_has_onepagescroll_dot&quot;:&quot;yes&quot;}\">\n\t\t\t\t\t<div class=\"e-con-inner\">\n\t\t<div class=\"elementor-element elementor-element-4fcae980 e-con-full e-flex e-con e-child\" data-id=\"4fcae980\" data-element_type=\"container\" data-e-type=\"container\" data-settings=\"{&quot;ekit_has_onepagescroll_dot&quot;:&quot;yes&quot;}\">\n\t\t\t\t<div class=\"elementor-element elementor-element-bd250df elementor-widget elementor-widget-image\" data-id=\"bd250df\" data-element_type=\"widget\" data-e-type=\"widget\" data-settings=\"{&quot;ekit_we_effect_on&quot;:&quot;none&quot;}\" data-widget_type=\"image.default\">\n\t\t\t\t<div class=\"elementor-widget-container\">\n\t\t\t\t\t\t\t\t\t\t\t\t\t\t\t<img loading=\"lazy\" decoding=\"async\" width=\"1464\" height=\"600\" src=\"https:\/\/uniqueexperienceman.shop\/wp-content\/uploads\/2026\/03\/1-3.jpg\" class=\"attachment-full size-full wp-image-13514 wvs-archive-product-image\" alt=\"\" srcset=\"https:\/\/uniqueexperienceman.shop\/wp-content\/uploads\/2026\/03\/1-3.jpg 1464w, https:\/\/uniqueexperienceman.shop\/wp-content\/uploads\/2026\/03\/1-3-300x123.jpg 300w, https:\/\/uniqueexperienceman.shop\/wp-content\/uploads\/2026\/03\/1-3-1024x420.jpg 1024w, https:\/\/uniqueexperienceman.shop\/wp-content\/uploads\/2026\/03\/1-3-768x315.jpg 768w, https:\/\/uniqueexperienceman.shop\/wp-content\/uploads\/2026\/03\/1-3-18x7.jpg 18w, https:\/\/uniqueexperienceman.shop\/wp-content\/uploads\/2026\/03\/1-3-600x246.jpg 600w, https:\/\/uniqueexperienceman.shop\/wp-content\/uploads\/2026\/03\/1-3-1x1.jpg 1w, https:\/\/uniqueexperienceman.shop\/wp-content\/uploads\/2026\/03\/1-3-10x4.jpg 10w\" sizes=\"auto, (max-width: 1464px) 100vw, 1464px\" \/>\t\t\t\t\t\t\t\t\t\t\t\t\t\t\t<\/div>\n\t\t\t\t<\/div>\n\t\t\t\t<\/div>\n\t\t\t\t\t<\/div>\n\t\t\t\t<\/div>\n\t\t<div class=\"elementor-element elementor-element-276d5f57 e-flex e-con-boxed e-con e-parent\" data-id=\"276d5f57\" data-element_type=\"container\" data-e-type=\"container\" data-settings=\"{&quot;ekit_has_onepagescroll_dot&quot;:&quot;yes&quot;}\">\n\t\t\t\t\t<div class=\"e-con-inner\">\n\t\t\t\t<div class=\"elementor-element elementor-element-5e8b5051 elementor-widget elementor-widget-heading\" data-id=\"5e8b5051\" data-element_type=\"widget\" data-e-type=\"widget\" data-settings=\"{&quot;ekit_we_effect_on&quot;:&quot;none&quot;}\" data-widget_type=\"heading.default\">\n\t\t\t\t<div class=\"elementor-widget-container\">\n\t\t\t\t\t<h2 class=\"elementor-heading-title elementor-size-default\">Empiece a trabajar en un abrir y cerrar de ojos con la funci\u00f3n de arranque f\u00e1cil de nuestra motosierra de gas. S\u00f3lo tiene que pulsar el bot\u00f3n y estar\u00e1 listo para empezar. La buj\u00eda de primera clase y el carburador de lat\u00f3n garantizan un arranque suave en todo momento, incluso cuando hace calor.<\/h2>\t\t\t\t<\/div>\n\t\t\t\t<\/div>\n\t\t\t\t\t<\/div>\n\t\t\t\t<\/div>\n\t\t<div class=\"elementor-element elementor-element-428f6a63 e-flex e-con-boxed e-con e-parent\" data-id=\"428f6a63\" data-element_type=\"container\" data-e-type=\"container\" data-settings=\"{&quot;ekit_has_onepagescroll_dot&quot;:&quot;yes&quot;}\">\n\t\t\t\t\t<div class=\"e-con-inner\">\n\t\t\t\t<div class=\"elementor-element elementor-element-339d7408 elementor-widget elementor-widget-image\" data-id=\"339d7408\" data-element_type=\"widget\" data-e-type=\"widget\" data-settings=\"{&quot;ekit_we_effect_on&quot;:&quot;none&quot;}\" data-widget_type=\"image.default\">\n\t\t\t\t<div class=\"elementor-widget-container\">\n\t\t\t\t\t\t\t\t\t\t\t\t\t\t\t<img loading=\"lazy\" decoding=\"async\" width=\"1464\" height=\"600\" src=\"https:\/\/uniqueexperienceman.shop\/wp-content\/uploads\/2026\/03\/2-1.jpg\" class=\"attachment-full size-full wp-image-13515 wvs-archive-product-image\" alt=\"\" srcset=\"https:\/\/uniqueexperienceman.shop\/wp-content\/uploads\/2026\/03\/2-1.jpg 1464w, https:\/\/uniqueexperienceman.shop\/wp-content\/uploads\/2026\/03\/2-1-300x123.jpg 300w, https:\/\/uniqueexperienceman.shop\/wp-content\/uploads\/2026\/03\/2-1-1024x420.jpg 1024w, https:\/\/uniqueexperienceman.shop\/wp-content\/uploads\/2026\/03\/2-1-768x315.jpg 768w, https:\/\/uniqueexperienceman.shop\/wp-content\/uploads\/2026\/03\/2-1-18x7.jpg 18w, https:\/\/uniqueexperienceman.shop\/wp-content\/uploads\/2026\/03\/2-1-600x246.jpg 600w, https:\/\/uniqueexperienceman.shop\/wp-content\/uploads\/2026\/03\/2-1-1x1.jpg 1w, https:\/\/uniqueexperienceman.shop\/wp-content\/uploads\/2026\/03\/2-1-10x4.jpg 10w\" sizes=\"auto, (max-width: 1464px) 100vw, 1464px\" \/>\t\t\t\t\t\t\t\t\t\t\t\t\t\t\t<\/div>\n\t\t\t\t<\/div>\n\t\t\t\t\t<\/div>\n\t\t\t\t<\/div>\n\t\t<div class=\"elementor-element elementor-element-7c3cec52 e-flex e-con-boxed e-con e-parent\" data-id=\"7c3cec52\" data-element_type=\"container\" data-e-type=\"container\" data-settings=\"{&quot;ekit_has_onepagescroll_dot&quot;:&quot;yes&quot;}\">\n\t\t\t\t\t<div class=\"e-con-inner\">\n\t\t\t\t<div class=\"elementor-element elementor-element-bc30dd7 elementor-widget elementor-widget-heading\" data-id=\"bc30dd7\" data-element_type=\"widget\" data-e-type=\"widget\" data-settings=\"{&quot;ekit_we_effect_on&quot;:&quot;none&quot;}\" data-widget_type=\"heading.default\">\n\t\t\t\t<div class=\"elementor-widget-container\">\n\t\t\t\t\t<h2 class=\"elementor-heading-title elementor-size-default\">Mant\u00e9ngase seguro con el gran protector de nuestra motosierra de gas. Mantiene a raya el serr\u00edn para que puedas trabajar con confianza y proteger tus manos.<\/h2>\t\t\t\t<\/div>\n\t\t\t\t<\/div>\n\t\t\t\t\t<\/div>\n\t\t\t\t<\/div>\n\t\t<div class=\"elementor-element elementor-element-2b88ae59 e-flex e-con-boxed e-con e-parent\" data-id=\"2b88ae59\" data-element_type=\"container\" data-e-type=\"container\" data-settings=\"{&quot;ekit_has_onepagescroll_dot&quot;:&quot;yes&quot;}\">\n\t\t\t\t\t<div class=\"e-con-inner\">\n\t\t\t\t<div class=\"elementor-element elementor-element-5d8d44c8 elementor-widget elementor-widget-image\" data-id=\"5d8d44c8\" data-element_type=\"widget\" data-e-type=\"widget\" data-settings=\"{&quot;ekit_we_effect_on&quot;:&quot;none&quot;}\" data-widget_type=\"image.default\">\n\t\t\t\t<div class=\"elementor-widget-container\">\n\t\t\t\t\t\t\t\t\t\t\t\t\t\t\t<img loading=\"lazy\" decoding=\"async\" width=\"1464\" height=\"600\" src=\"https:\/\/uniqueexperienceman.shop\/wp-content\/uploads\/2026\/03\/3-1.jpg\" class=\"attachment-full size-full wp-image-13516 wvs-archive-product-image\" alt=\"\" srcset=\"https:\/\/uniqueexperienceman.shop\/wp-content\/uploads\/2026\/03\/3-1.jpg 1464w, https:\/\/uniqueexperienceman.shop\/wp-content\/uploads\/2026\/03\/3-1-300x123.jpg 300w, https:\/\/uniqueexperienceman.shop\/wp-content\/uploads\/2026\/03\/3-1-1024x420.jpg 1024w, https:\/\/uniqueexperienceman.shop\/wp-content\/uploads\/2026\/03\/3-1-768x315.jpg 768w, https:\/\/uniqueexperienceman.shop\/wp-content\/uploads\/2026\/03\/3-1-18x7.jpg 18w, https:\/\/uniqueexperienceman.shop\/wp-content\/uploads\/2026\/03\/3-1-600x246.jpg 600w, https:\/\/uniqueexperienceman.shop\/wp-content\/uploads\/2026\/03\/3-1-1x1.jpg 1w, https:\/\/uniqueexperienceman.shop\/wp-content\/uploads\/2026\/03\/3-1-10x4.jpg 10w\" sizes=\"auto, (max-width: 1464px) 100vw, 1464px\" \/>\t\t\t\t\t\t\t\t\t\t\t\t\t\t\t<\/div>\n\t\t\t\t<\/div>\n\t\t\t\t\t<\/div>\n\t\t\t\t<\/div>\n\t\t<div class=\"elementor-element elementor-element-557f2a31 e-flex e-con-boxed e-con e-parent\" data-id=\"557f2a31\" data-element_type=\"container\" data-e-type=\"container\" data-settings=\"{&quot;ekit_has_onepagescroll_dot&quot;:&quot;yes&quot;}\">\n\t\t\t\t\t<div class=\"e-con-inner\">\n\t\t\t\t<div class=\"elementor-element elementor-element-1b52ac79 elementor-widget elementor-widget-heading\" data-id=\"1b52ac79\" data-element_type=\"widget\" data-e-type=\"widget\" data-settings=\"{&quot;ekit_we_effect_on&quot;:&quot;none&quot;}\" data-widget_type=\"heading.default\">\n\t\t\t\t<div class=\"elementor-widget-container\">\n\t\t\t\t\t<h2 class=\"elementor-heading-title elementor-size-default\">Ajuste la tensi\u00f3n de la cadena r\u00e1pida y f\u00e1cilmente con el pomo sin herramientas. Atornillados de forma segura, la barra y la cadena permanecen tensos, ofreci\u00e9ndole una experiencia de corte m\u00e1s segura y eficiente.<\/h2>\t\t\t\t<\/div>\n\t\t\t\t<\/div>\n\t\t\t\t\t<\/div>\n\t\t\t\t<\/div>\n\t\t<div class=\"elementor-element elementor-element-2d47f273 e-flex e-con-boxed e-con e-parent\" data-id=\"2d47f273\" data-element_type=\"container\" data-e-type=\"container\" data-settings=\"{&quot;ekit_has_onepagescroll_dot&quot;:&quot;yes&quot;}\">\n\t\t\t\t\t<div class=\"e-con-inner\">\n\t\t\t\t<div class=\"elementor-element elementor-element-32a2dae2 elementor-widget elementor-widget-image\" data-id=\"32a2dae2\" data-element_type=\"widget\" data-e-type=\"widget\" data-settings=\"{&quot;ekit_we_effect_on&quot;:&quot;none&quot;}\" data-widget_type=\"image.default\">\n\t\t\t\t<div class=\"elementor-widget-container\">\n\t\t\t\t\t\t\t\t\t\t\t\t\t\t\t<img loading=\"lazy\" decoding=\"async\" width=\"1464\" height=\"600\" src=\"https:\/\/uniqueexperienceman.shop\/wp-content\/uploads\/2026\/03\/4-1.jpg\" class=\"attachment-full size-full wp-image-13517 wvs-archive-product-image\" alt=\"\" srcset=\"https:\/\/uniqueexperienceman.shop\/wp-content\/uploads\/2026\/03\/4-1.jpg 1464w, https:\/\/uniqueexperienceman.shop\/wp-content\/uploads\/2026\/03\/4-1-300x123.jpg 300w, https:\/\/uniqueexperienceman.shop\/wp-content\/uploads\/2026\/03\/4-1-1024x420.jpg 1024w, https:\/\/uniqueexperienceman.shop\/wp-content\/uploads\/2026\/03\/4-1-768x315.jpg 768w, https:\/\/uniqueexperienceman.shop\/wp-content\/uploads\/2026\/03\/4-1-18x7.jpg 18w, https:\/\/uniqueexperienceman.shop\/wp-content\/uploads\/2026\/03\/4-1-600x246.jpg 600w, https:\/\/uniqueexperienceman.shop\/wp-content\/uploads\/2026\/03\/4-1-1x1.jpg 1w, https:\/\/uniqueexperienceman.shop\/wp-content\/uploads\/2026\/03\/4-1-10x4.jpg 10w\" sizes=\"auto, (max-width: 1464px) 100vw, 1464px\" \/>\t\t\t\t\t\t\t\t\t\t\t\t\t\t\t<\/div>\n\t\t\t\t<\/div>\n\t\t\t\t\t<\/div>\n\t\t\t\t<\/div>\n\t\t<div class=\"elementor-element elementor-element-50dfc0e7 e-flex e-con-boxed e-con e-parent\" data-id=\"50dfc0e7\" data-element_type=\"container\" data-e-type=\"container\" data-settings=\"{&quot;ekit_has_onepagescroll_dot&quot;:&quot;yes&quot;}\">\n\t\t\t\t\t<div class=\"e-con-inner\">\n\t\t\t\t<div class=\"elementor-element elementor-element-3277bda9 elementor-widget elementor-widget-heading\" data-id=\"3277bda9\" data-element_type=\"widget\" data-e-type=\"widget\" data-settings=\"{&quot;ekit_we_effect_on&quot;:&quot;none&quot;}\" data-widget_type=\"heading.default\">\n\t\t\t\t<div class=\"elementor-widget-container\">\n\t\t\t\t\t<h2 class=\"elementor-heading-title elementor-size-default\">Disfrute de un completo kit de herramientas que facilita el repostaje, la instalaci\u00f3n y el mantenimiento. Todo lo que necesita para mantener su motosierra de gasolina en plena forma est\u00e1 incluido.<\/h2>\t\t\t\t<\/div>\n\t\t\t\t<\/div>\n\t\t\t\t\t<\/div>\n\t\t\t\t<\/div>\n\t\t<div class=\"elementor-element elementor-element-385c08dc e-flex e-con-boxed e-con e-parent\" data-id=\"385c08dc\" data-element_type=\"container\" data-e-type=\"container\" data-settings=\"{&quot;ekit_has_onepagescroll_dot&quot;:&quot;yes&quot;}\">\n\t\t\t\t\t<div class=\"e-con-inner\">\n\t\t\t\t<div class=\"elementor-element elementor-element-6cde9c10 elementor-widget elementor-widget-image\" data-id=\"6cde9c10\" data-element_type=\"widget\" data-e-type=\"widget\" data-settings=\"{&quot;ekit_we_effect_on&quot;:&quot;none&quot;}\" data-widget_type=\"image.default\">\n\t\t\t\t<div class=\"elementor-widget-container\">\n\t\t\t\t\t\t\t\t\t\t\t\t\t\t\t<img loading=\"lazy\" decoding=\"async\" width=\"1464\" height=\"600\" src=\"https:\/\/uniqueexperienceman.shop\/wp-content\/uploads\/2026\/03\/5-1.jpg\" class=\"attachment-full size-full wp-image-13518 wvs-archive-product-image\" alt=\"\" srcset=\"https:\/\/uniqueexperienceman.shop\/wp-content\/uploads\/2026\/03\/5-1.jpg 1464w, https:\/\/uniqueexperienceman.shop\/wp-content\/uploads\/2026\/03\/5-1-300x123.jpg 300w, https:\/\/uniqueexperienceman.shop\/wp-content\/uploads\/2026\/03\/5-1-1024x420.jpg 1024w, https:\/\/uniqueexperienceman.shop\/wp-content\/uploads\/2026\/03\/5-1-768x315.jpg 768w, https:\/\/uniqueexperienceman.shop\/wp-content\/uploads\/2026\/03\/5-1-18x7.jpg 18w, https:\/\/uniqueexperienceman.shop\/wp-content\/uploads\/2026\/03\/5-1-600x246.jpg 600w, https:\/\/uniqueexperienceman.shop\/wp-content\/uploads\/2026\/03\/5-1-1x1.jpg 1w, https:\/\/uniqueexperienceman.shop\/wp-content\/uploads\/2026\/03\/5-1-10x4.jpg 10w\" sizes=\"auto, (max-width: 1464px) 100vw, 1464px\" \/>\t\t\t\t\t\t\t\t\t\t\t\t\t\t\t<\/div>\n\t\t\t\t<\/div>\n\t\t\t\t\t<\/div>\n\t\t\t\t<\/div>\n\t\t<div class=\"elementor-element elementor-element-7513f1f6 e-flex e-con-boxed e-con e-parent\" data-id=\"7513f1f6\" data-element_type=\"container\" data-e-type=\"container\" data-settings=\"{&quot;ekit_has_onepagescroll_dot&quot;:&quot;yes&quot;}\">\n\t\t\t\t\t<div class=\"e-con-inner\">\n\t\t\t\t<div class=\"elementor-element elementor-element-31218a07 elementor-widget elementor-widget-heading\" data-id=\"31218a07\" data-element_type=\"widget\" data-e-type=\"widget\" data-settings=\"{&quot;ekit_we_effect_on&quot;:&quot;none&quot;}\" data-widget_type=\"heading.default\">\n\t\t\t\t<div class=\"elementor-widget-container\">\n\t\t\t\t\t<h2 class=\"elementor-heading-title elementor-size-default\">Ya sea para talar \u00e1rboles, podar o cortar madera, esta motosierra de gas port\u00e1til lo hace todo con facilidad. Es la herramienta que necesitas para una gran variedad de trabajos al aire libre.<\/h2>\t\t\t\t<\/div>\n\t\t\t\t<\/div>\n\t\t\t\t\t<\/div>\n\t\t\t\t<\/div>\n\t\t<div class=\"elementor-element elementor-element-124c2f70 e-flex e-con-boxed e-con e-parent\" data-id=\"124c2f70\" data-element_type=\"container\" data-e-type=\"container\" data-settings=\"{&quot;ekit_has_onepagescroll_dot&quot;:&quot;yes&quot;}\">\n\t\t\t\t\t<div class=\"e-con-inner\">\n\t\t\t\t<div class=\"elementor-element elementor-element-260cfa84 elementor-widget elementor-widget-image\" data-id=\"260cfa84\" data-element_type=\"widget\" data-e-type=\"widget\" data-settings=\"{&quot;ekit_we_effect_on&quot;:&quot;none&quot;}\" data-widget_type=\"image.default\">\n\t\t\t\t<div class=\"elementor-widget-container\">\n\t\t\t\t\t\t\t\t\t\t\t\t\t\t\t<img loading=\"lazy\" decoding=\"async\" width=\"1464\" height=\"600\" src=\"https:\/\/uniqueexperienceman.shop\/wp-content\/uploads\/2026\/03\/6.jpg\" class=\"attachment-full size-full wp-image-13519 wvs-archive-product-image\" alt=\"\" srcset=\"https:\/\/uniqueexperienceman.shop\/wp-content\/uploads\/2026\/03\/6.jpg 1464w, https:\/\/uniqueexperienceman.shop\/wp-content\/uploads\/2026\/03\/6-300x123.jpg 300w, https:\/\/uniqueexperienceman.shop\/wp-content\/uploads\/2026\/03\/6-1024x420.jpg 1024w, https:\/\/uniqueexperienceman.shop\/wp-content\/uploads\/2026\/03\/6-768x315.jpg 768w, https:\/\/uniqueexperienceman.shop\/wp-content\/uploads\/2026\/03\/6-18x7.jpg 18w, https:\/\/uniqueexperienceman.shop\/wp-content\/uploads\/2026\/03\/6-600x246.jpg 600w, https:\/\/uniqueexperienceman.shop\/wp-content\/uploads\/2026\/03\/6-1x1.jpg 1w, https:\/\/uniqueexperienceman.shop\/wp-content\/uploads\/2026\/03\/6-10x4.jpg 10w\" sizes=\"auto, (max-width: 1464px) 100vw, 1464px\" \/>\t\t\t\t\t\t\t\t\t\t\t\t\t\t\t<\/div>\n\t\t\t\t<\/div>\n\t\t\t\t\t<\/div>\n\t\t\t\t<\/div>\n\t\t<div class=\"elementor-element elementor-element-6ba36d1c e-flex e-con-boxed e-con e-parent\" data-id=\"6ba36d1c\" data-element_type=\"container\" data-e-type=\"container\" data-settings=\"{&quot;ekit_has_onepagescroll_dot&quot;:&quot;yes&quot;}\">\n\t\t\t\t\t<div class=\"e-con-inner\">\n\t\t\t\t<div class=\"elementor-element elementor-element-16faedb5 elementor-widget elementor-widget-heading\" data-id=\"16faedb5\" data-element_type=\"widget\" data-e-type=\"widget\" data-settings=\"{&quot;ekit_we_effect_on&quot;:&quot;none&quot;}\" data-widget_type=\"heading.default\">\n\t\t\t\t<div class=\"elementor-widget-container\">\n\t\t\t\t\t<h2 class=\"elementor-heading-title elementor-size-default\">Acero de alta resistencia: Corte \u00e1rboles r\u00e1pidamente con nuestra motosierra de gas, gracias a su cadena y barra de acero de alta resistencia. La barra de 20\" reduce las salpicaduras de serr\u00edn, manteniendo su \u00e1rea de trabajo m\u00e1s limpia y segura. Esta motosierra est\u00e1 dise\u00f1ada para aumentar su eficacia y comodidad en el trabajo. Si tiene problemas de arranque, no dude en ponerse en contacto con nuestro servicio de atenci\u00f3n al cliente para obtener ayuda.<br>\nPotente rendimiento: Con un motor de 58CC, nuestra motosierra de gas corta la madera con suavidad y sin paradas. Con 3.22HP de potencia, 2.4KW\/8500 RPM de velocidad del motor, y la velocidad m\u00e1xima que alcanza hasta 12000 RPM, podr\u00e1 disfrutar de la \u00faltima sensaci\u00f3n de funcionamiento tra\u00eddo por el poder fuerte.<br>\nC\u00f3modo y Estable: Disfrute de una experiencia de corte estable y c\u00f3moda con el amortiguador incorporado. Reduce las vibraciones, prolonga la vida \u00fatil de su motosierra de gasolina y reduce los costes de mantenimiento, haciendo su trabajo m\u00e1s agradable.<br>\nCorte f\u00e1cil: Realice tareas de recorte y tala con facilidad. El di\u00e1metro de corte de la motosierra de gasolina alcanza los 455 mm, lo que la hace vers\u00e1til para todas sus necesidades de corte en exteriores.<br>\nDep\u00f3sito de combustible duradero: Construido con una carcasa exterior resistente, el dep\u00f3sito de combustible de nuestra motosierra de mango superior soporta condiciones duras y evita fugas. Con un dep\u00f3sito de combustible de 550 ml (0,58 qt) y un dep\u00f3sito de aceite de cadena de 260 ml (0,27 qt), pasar\u00e1 menos tiempo repostando y m\u00e1s cortando.<\/h2>\t\t\t\t<\/div>\n\t\t\t\t<\/div>\n\t\t\t\t\t<\/div>\n\t\t\t\t<\/div>\n\t\t\t\t<\/div>","protected":false},"excerpt":{"rendered":"<p>VEVOR Gas Chainsaw \u2013 Cut with Power, Work with Ease Get to work in no time with our gas chainsaw&#8217;s&#8230;<\/p>","protected":false},"featured_media":13497,"comment_status":"open","ping_status":"closed","template":"","meta":{"_acf_changed":false},"etheme_brands":[],"product_brand":[],"product_cat":[118],"product_tag":[],"class_list":{"0":"post-13492","1":"product","2":"type-product","3":"status-publish","4":"has-post-thumbnail","6":"product_cat-sale-shop","8":"first","9":"instock","10":"sale","11":"shipping-taxable","12":"purchasable","13":"product-type-variable","14":"wvs-archive-product-wrapper"},"acf":[],"_links":{"self":[{"href":"https:\/\/uniqueexperienceman.shop\/es\/wp-json\/wp\/v2\/product\/13492","targetHints":{"allow":["GET"]}}],"collection":[{"href":"https:\/\/uniqueexperienceman.shop\/es\/wp-json\/wp\/v2\/product"}],"about":[{"href":"https:\/\/uniqueexperienceman.shop\/es\/wp-json\/wp\/v2\/types\/product"}],"replies":[{"embeddable":true,"href":"https:\/\/uniqueexperienceman.shop\/es\/wp-json\/wp\/v2\/comments?post=13492"}],"version-history":[{"count":4,"href":"https:\/\/uniqueexperienceman.shop\/es\/wp-json\/wp\/v2\/product\/13492\/revisions"}],"predecessor-version":[{"id":13525,"href":"https:\/\/uniqueexperienceman.shop\/es\/wp-json\/wp\/v2\/product\/13492\/revisions\/13525"}],"wp:featuredmedia":[{"embeddable":true,"href":"https:\/\/uniqueexperienceman.shop\/es\/wp-json\/wp\/v2\/media\/13497"}],"wp:attachment":[{"href":"https:\/\/uniqueexperienceman.shop\/es\/wp-json\/wp\/v2\/media?parent=13492"}],"wp:term":[{"taxonomy":"brand","embeddable":true,"href":"https:\/\/uniqueexperienceman.shop\/es\/wp-json\/wp\/v2\/etheme_brands?post=13492"},{"taxonomy":"product_brand","embeddable":true,"href":"https:\/\/uniqueexperienceman.shop\/es\/wp-json\/wp\/v2\/product_brand?post=13492"},{"taxonomy":"product_cat","embeddable":true,"href":"https:\/\/uniqueexperienceman.shop\/es\/wp-json\/wp\/v2\/product_cat?post=13492"},{"taxonomy":"product_tag","embeddable":true,"href":"https:\/\/uniqueexperienceman.shop\/es\/wp-json\/wp\/v2\/product_tag?post=13492"}],"curies":[{"name":"wp","href":"https:\/\/api.w.org\/{rel}","templated":true}]}}